{"id":8480,"date":"2022-02-08T10:18:57","date_gmt":"2022-02-08T10:18:57","guid":{"rendered":"http:\/\/ferte.ee\/?page_id=8480"},"modified":"2026-02-11T12:31:23","modified_gmt":"2026-02-11T12:31:23","slug":"hyodyllista-tietaa","status":"publish","type":"page","link":"https:\/\/ferte.ee\/fi\/kasulik-teada\/","title":{"rendered":"HYV\u00c4 TIET\u00c4\u00c4"},"content":{"rendered":"<section class=\"l-section wpb_row us_custom_a518f36e us_animate_this height_custom color_primary with_img parallax_ver with_shape\"><div class=\"l-section-img\" role=\"img\" data-img-width=\"2000\" data-img-height=\"1208\" style=\"background-image: url(https:\/\/ferte.ee\/wp-content\/uploads\/2022\/02\/bg2.jpg);background-repeat: no-repeat;\"><\/div><div class=\"l-section-overlay\" style=\"background:rgba(45,46,66,0.65)\"><\/div><div class=\"l-section-shape type_triangle pos_bottom\" style=\"height:14vh;\"><svg xmlns=\"http:\/\/www.w3.org\/2000\/svg\" viewbox=\"0 0 64 8\" preserveaspectratio=\"none\" width=\"100%\" height=\"100%\">\r\n\t<path fill=\"currentColor\" d=\"M64 8 L0 8 L0 0 L32 7.9 L64 0 Z\"\/>\r\n<\/svg><\/div><div class=\"l-section-h i-cf\"><div class=\"g-cols vc_row via_flex valign_top type_default stacking_default\"><div class=\"vc_col-sm-12 wpb_column vc_column_container\"><div class=\"vc_column-inner\"><div class=\"wpb_wrapper\"><h3 style=\"text-align: center\" class=\"vc_custom_heading vc_do_custom_heading us_custom_c43bd2e1\" >HYV\u00c4 TIET\u00c4\u00c4<\/h3><div class=\"w-separator size_custom\" style=\"height:7vh\"><\/div><\/div><\/div><\/div><\/div><\/div><\/section><section class=\"l-section wpb_row us_custom_072ab216 height_large width_full\"><div class=\"l-section-h i-cf\"><div class=\"g-cols vc_row via_flex valign_middle type_default stacking_default\"><div class=\"vc_col-sm-6 wpb_column vc_column_container\"><div class=\"vc_column-inner us_custom_8f7b07a9 us_animate_this\"><div class=\"wpb_wrapper\"><div class=\"w-iconbox licolor iconpos_left style_default color_custom align_left\"><div class=\"w-iconbox-icon\" style=\"font-size:2rem;--icon-color:var(--color-content-primary);\"><i class=\"fal fa-chevron-right\"><\/i><\/div><div class=\"w-iconbox-meta\"><h2 class=\"w-iconbox-title\">Maantiekuljetukset<\/h2><div class=\"w-iconbox-text\"><h5><strong>Yleisimm\u00e4t kuormalavat maantiekuljetuksissa<\/strong><\/h5>\n<p data-start=\"375\" data-end=\"431\">Maantiekuljetuksissa k\u00e4ytet\u00e4\u00e4n yleisimmin seuraavia kuormalavoja:<\/p>\n<ul>\n<li><strong>EUR-kuormalava<\/strong> - 120 * 80 cm<\/li>\n<li><strong>FIN-kuormalava<\/strong> - 120 * 100 cm<\/li>\n<li><strong>Teollisuuslava (Industrial)<\/strong> - 120 * 120 cm<\/li>\n<\/ul>\n<h5><strong>Per\u00e4vaunun tyypillinen kapasiteetti<\/strong><\/h5>\n<p>Vakiomallisessa puoliper\u00e4vaunussa tyypilliset arvot ovat:<\/p>\n<ul>\n<li><strong data-start=\"651\" data-end=\"668\">Lastauspituus:<\/strong> enint\u00e4\u00e4n 13,6 kuormausmetri\u00e4 (ldm)<\/li>\n<li><strong>Kapasiteetti:<\/strong> enint\u00e4\u00e4n 33 EUR-lavaa tai 26 FIN-lavaa<\/li>\n<li><strong data-start=\"772\" data-end=\"787\">Kantavuus:<\/strong> enint\u00e4\u00e4n 24 tonnia<\/li>\n<li><strong data-start=\"806\" data-end=\"821\">Tavaran tilavuus:<\/strong> noin 85-112 m\u00b3 (riippuen per\u00e4vaunun tyypist\u00e4)<\/li>\n<\/ul>\n<h5><strong>Kokokuormat ja osakuormat<\/strong><\/h5>\n<p>Maantiekuljetuksissa erotetaan kaksi p\u00e4\u00e4asiallista kuljetustapaa:<\/p>\n<ul>\n<li><strong data-start=\"957\" data-end=\"982\">FTL (Full Truck Load)<\/strong> - kokokuorma, jossa koko ajoneuvo on yhden asiakkaan tavaraa varten<\/li>\n<li><strong data-start=\"1042\" data-end=\"1067\">LTL (Less Than Truck Load)<\/strong> - osakuorma, jossa ajoneuvossa on useiden l\u00e4hett\u00e4jien tavaraa<\/li>\n<\/ul>\n<h5><strong>Puoliper\u00e4vaunun mitat ja lastausmahdollisuudet<\/strong><\/h5>\n<p>Tyypillisen puoliper\u00e4vaunun sis\u00e4mitat ovat noin:<\/p>\n<ul>\n<li><strong data-start=\"1218\" data-end=\"1241\">13,6 \u00d7 2,45 \u00d7 2,7 m<\/strong> (vaihtelu mahdollista per\u00e4vaunusta riippuen)<\/li>\n<\/ul>\n<p>Tavaraa voidaan lastata:<\/p>\n<ul>\n<li>Takaa<\/li>\n<li>Sivulta<\/li>\n<li>Ylh\u00e4\u00e4lt\u00e4 (katon kautta)<\/li>\n<\/ul>\n<h5><strong style=\"font-family: inherit;\">Rahtiasiakirjat maantiekuljetuksissa<\/strong><\/h5>\n<p>Jokaisen l\u00e4hetyksen mukana on oltava tarvittavat asiakirjat:<\/p>\n<ul>\n<li>l\u00e4hett\u00e4j\u00e4n laatima lasku ja\/tai pakkauslista<\/li>\n<li><strong data-start=\"1526\" data-end=\"1533\">CMR<\/strong> - kansainv\u00e4linen rahtikirja, jonka kuljetusliike yleens\u00e4 t\u00e4ytt\u00e4\u00e4 lastauspaikalla<\/li>\n<\/ul>\n<\/div><\/div><\/div><\/div><\/div><\/div><div class=\"vc_col-sm-6 wpb_column vc_column_container  hide_on_tablets hide_on_mobiles\"><div class=\"vc_column-inner us_custom_3d930146 us_animate_this\"><div class=\"wpb_wrapper\"><div class=\"w-image align_center\"><div class=\"w-image-h\"><img decoding=\"async\" width=\"652\" height=\"1000\" src=\"https:\/\/ferte.ee\/wp-content\/uploads\/2022\/02\/maanteetransport.jpg\" class=\"attachment-full size-full\" alt=\"Maantiekuljetukset\" loading=\"lazy\" srcset=\"https:\/\/ferte.ee\/wp-content\/uploads\/2022\/02\/maanteetransport.jpg 652w, https:\/\/ferte.ee\/wp-content\/uploads\/2022\/02\/maanteetransport-196x300.jpg 196w\" sizes=\"auto, (max-width: 652px) 100vw, 652px\" \/><\/div><\/div><\/div><\/div><\/div><\/div><\/div><\/section><section class=\"l-section wpb_row us_custom_072ab216 height_large width_full\"><div class=\"l-section-h i-cf\"><div class=\"g-cols vc_row via_flex valign_middle type_default stacking_default\"><div class=\"vc_col-sm-6 wpb_column vc_column_container  hide_on_tablets hide_on_mobiles\"><div class=\"vc_column-inner us_custom_4dfbc2e6 us_animate_this\"><div class=\"wpb_wrapper\"><div class=\"w-image align_center\"><div class=\"w-image-h\"><img decoding=\"async\" width=\"652\" height=\"1000\" src=\"https:\/\/ferte.ee\/wp-content\/uploads\/2022\/02\/vedaja-vastutust.jpg\" class=\"attachment-full size-full\" alt=\"Liikenteenharjoittajan vastuu\" loading=\"lazy\" srcset=\"https:\/\/ferte.ee\/wp-content\/uploads\/2022\/02\/vedaja-vastutust.jpg 652w, https:\/\/ferte.ee\/wp-content\/uploads\/2022\/02\/vedaja-vastutust-196x300.jpg 196w\" sizes=\"auto, (max-width: 652px) 100vw, 652px\" \/><\/div><\/div><\/div><\/div><\/div><div class=\"vc_col-sm-6 wpb_column vc_column_container\"><div class=\"vc_column-inner us_custom_ff13c409 us_animate_this\"><div class=\"wpb_wrapper\"><div class=\"w-iconbox licolor iconpos_left style_default color_custom align_left\"><div class=\"w-iconbox-icon\" style=\"font-size:2rem;--icon-color:var(--color-content-primary);\"><i class=\"fal fa-chevron-right\"><\/i><\/div><div class=\"w-iconbox-meta\"><h2 class=\"w-iconbox-title\">Rahdinkuljettajan vastuu<\/h2><div class=\"w-iconbox-text\"><p data-start=\"427\" data-end=\"562\">Tavarakuljetusta tilattaessa on t\u00e4rke\u00e4\u00e4 ymm\u00e4rt\u00e4\u00e4 rahdinkuljettajan vastuu tilanteissa, joissa tavara vahingoittuu tai katoaa kuljetuksen aikana.<\/p>\n<p data-start=\"564\" data-end=\"818\">Tavaran vahingoittuessa tai kadotessa tavaran omistajalla on oikeus esitt\u00e4\u00e4 korvausvaatimus rahdinkuljettajaa kohtaan. Rahdinkuljettajan vastuusta s\u00e4\u00e4det\u00e4\u00e4n laissa, eik\u00e4 asiakkaan tarvitse maksaa siit\u00e4 erillist\u00e4 maksua. Rahdinkuljettajan vastuu on kuitenkin rajoitettu tietyin ehdoin.<\/p>\n<h5 data-start=\"564\" data-end=\"818\"><strong>Rahdinkuljettajan vastuun rajat kuljetusmuodoittain<\/strong><\/h5>\n<p><strong>Maantiekuljetus:<\/strong><\/p>\n<ul>\n<li>Vastuu on rajoitettu enint\u00e4\u00e4n 8,33 SDR:\u00e4\u00e4n, eli noin 10 euroa tavaran bruttokiloa kohti.<\/li>\n<\/ul>\n<p><strong>Lentokuljetus:<\/strong><\/p>\n<ul>\n<li>Vastuu on rajoitettu enint\u00e4\u00e4n 19 SDR:\u00e4\u00e4n, eli noin 24 euroa tavaran bruttokiloa kohti.<\/li>\n<\/ul>\n<p><strong>Merikuljetus:<\/strong><\/p>\n<ul>\n<li>Vastuu on rajoitettu enint\u00e4\u00e4n 2 SDR:\u00e4\u00e4n tavaran bruttokiloa kohti, tai<br data-start=\"1232\" data-end=\"1235\" \/>666,67 SDR:\u00e4\u00e4n tavarayksikk\u00f6\u00e4 tai kollia kohti.<\/li>\n<\/ul>\n<h5><strong>T\u00e4rkeit\u00e4 huomioita rahdinkuljettajan vastuusta<\/strong><\/h5>\n<ul>\n<li>Korvaus lasketaan tavaran todellisen painon, ei tilavuuspainon perusteella.<\/li>\n<li>Rahdinkuljettajan vastuu kattaa vain vahingot, jotka johtuvat rahdinkuljettajan virheest\u00e4 tai laiminly\u00f6nnist\u00e4.<\/li>\n<li>Rahdinkuljettaja ei ole vastuussa vahingoista, jotka aiheutuvat olosuhteista, joihin se ei ole voinut vaikuttaa (esim. varkaus, ry\u00f6st\u00f6, ylivoimainen este).<\/li>\n<\/ul>\n<h5><strong>Milloin kuljetusvakuutus on tarpeen?<\/strong><\/h5>\n<p><strong>Jos tavaran arvo:<\/strong><\/p>\n<ul>\n<li>ylitt\u00e4\u00e4 rahdinkuljettajan vastuun raja-arvot, tai<\/li>\n<li>haluat suojan my\u00f6s tilanteissa, joissa rahdinkuljettajan vastuu ei ole voimassa,<\/li>\n<\/ul>\n<p>suosittelemme ottamaan erillisen kaiken riskit kattavan tavaravakuutuksen. Kuljetusvakuutus tarjoaa kattavamman suojan ja mielenrauhan erityisesti arvokkaammille l\u00e4hetyksille.<\/p>\n<p>&nbsp;<\/p>\n<p>*<em>Kuljetusvakuutuksen tarkka kattavuus riippuu vakuutusyhti\u00f6n vakuutuskirjasta ja -ehdoista. Suosittelemme, ett\u00e4 luet vakuutusehdot tai pyyd\u00e4t lis\u00e4tietoja ennen kuljetusvakuutuksen vahvistamista.<\/em><\/p>\n<\/div><\/div><\/div><\/div><\/div><\/div><\/div><\/div><\/section>","protected":false},"excerpt":{"rendered":"Hy\u00f6dyllist\u00e4 tiet\u00e4\u00e4MoottoritiekuljetuksetYleisimm\u00e4t kuormalavatyypit maantiekuljetuksissa Seuraavia alustatyyppej\u00e4 k\u00e4ytet\u00e4\u00e4n yleisimmin maantiekuljetuksissa: EUR-alustat - 120 * 80 cm FIN-alustat - 120 * 100 cm Teollisuusalustat - 120 * 120 cm Tavallisen puoliper\u00e4vaunun tyypillinen kapasiteetti: Kuormausala: enint\u00e4\u00e4n 13,6 kuormausmetri\u00e4 (ldm) Kapasiteetti: enint\u00e4\u00e4n 33 EUR-alustaa tai 26 FIN-alustaa....","protected":false},"author":1,"featured_media":0,"parent":0,"menu_order":0,"comment_status":"closed","ping_status":"closed","template":"","meta":{"footnotes":""},"class_list":["post-8480","page","type-page","status-publish","hentry"],"yoast_head":"<!-- This site is optimized with the Yoast SEO plugin v27.4 - https:\/\/yoast.com\/product\/yoast-seo-wordpress\/ -->\n<title>Kasulik teada - Ferte Logistics O\u00dc<\/title>\n<meta name=\"robots\" content=\"index, follow, max-snippet:-1, max-image-preview:large, max-video-preview:-1\" \/>\n<link rel=\"canonical\" href=\"https:\/\/ferte.ee\/fi\/hyodyllista-tietaa\/\" \/>\n<meta property=\"og:locale\" content=\"fi_FI\" \/>\n<meta property=\"og:type\" content=\"article\" \/>\n<meta property=\"og:title\" content=\"Kasulik teada - Ferte Logistics O\u00dc\" \/>\n<meta property=\"og:url\" content=\"https:\/\/ferte.ee\/fi\/hyodyllista-tietaa\/\" \/>\n<meta property=\"og:site_name\" content=\"Kaubavedu \u00fcle Euroopa - FERTE Logistics\" \/>\n<meta property=\"article:modified_time\" content=\"2026-02-11T12:31:23+00:00\" \/>\n<meta property=\"og:image\" content=\"https:\/\/ferte.ee\/wp-content\/uploads\/2022\/02\/bg3.jpg\" \/>\n\t<meta property=\"og:image:width\" content=\"2000\" \/>\n\t<meta property=\"og:image:height\" content=\"1034\" \/>\n\t<meta property=\"og:image:type\" content=\"image\/jpeg\" \/>\n<meta name=\"twitter:card\" content=\"summary_large_image\" \/>\n<meta name=\"twitter:label1\" content=\"Arvioitu lukuaika\" \/>\n\t<meta name=\"twitter:data1\" content=\"4 minuuttia\" \/>\n<script type=\"application\/ld+json\" class=\"yoast-schema-graph\">{\"@context\":\"https:\\\/\\\/schema.org\",\"@graph\":[{\"@type\":\"WebPage\",\"@id\":\"https:\\\/\\\/ferte.ee\\\/kasulik-teada\\\/\",\"url\":\"https:\\\/\\\/ferte.ee\\\/kasulik-teada\\\/\",\"name\":\"Kasulik teada - Ferte Logistics O\u00dc\",\"isPartOf\":{\"@id\":\"https:\\\/\\\/ferte.ee\\\/#website\"},\"datePublished\":\"2022-02-08T10:18:57+00:00\",\"dateModified\":\"2026-02-11T12:31:23+00:00\",\"breadcrumb\":{\"@id\":\"https:\\\/\\\/ferte.ee\\\/kasulik-teada\\\/#breadcrumb\"},\"inLanguage\":\"fi\",\"potentialAction\":[{\"@type\":\"ReadAction\",\"target\":[\"https:\\\/\\\/ferte.ee\\\/kasulik-teada\\\/\"]}]},{\"@type\":\"BreadcrumbList\",\"@id\":\"https:\\\/\\\/ferte.ee\\\/kasulik-teada\\\/#breadcrumb\",\"itemListElement\":[{\"@type\":\"ListItem\",\"position\":1,\"name\":\"Home\",\"item\":\"https:\\\/\\\/ferte.ee\\\/\"},{\"@type\":\"ListItem\",\"position\":2,\"name\":\"Kasulik teada\"}]},{\"@type\":\"WebSite\",\"@id\":\"https:\\\/\\\/ferte.ee\\\/#website\",\"url\":\"https:\\\/\\\/ferte.ee\\\/\",\"name\":\"Kaubavedu \u00fcle Euroopa - FERTE Logistics\",\"description\":\"\",\"publisher\":{\"@id\":\"https:\\\/\\\/ferte.ee\\\/#organization\"},\"potentialAction\":[{\"@type\":\"SearchAction\",\"target\":{\"@type\":\"EntryPoint\",\"urlTemplate\":\"https:\\\/\\\/ferte.ee\\\/?s={search_term_string}\"},\"query-input\":{\"@type\":\"PropertyValueSpecification\",\"valueRequired\":true,\"valueName\":\"search_term_string\"}}],\"inLanguage\":\"fi\"},{\"@type\":\"Organization\",\"@id\":\"https:\\\/\\\/ferte.ee\\\/#organization\",\"name\":\"Ferte Logistics O\u00dc\",\"url\":\"https:\\\/\\\/ferte.ee\\\/\",\"logo\":{\"@type\":\"ImageObject\",\"inLanguage\":\"fi\",\"@id\":\"https:\\\/\\\/ferte.ee\\\/#\\\/schema\\\/logo\\\/image\\\/\",\"url\":\"\",\"contentUrl\":\"\",\"caption\":\"Ferte Logistics O\u00dc\"},\"image\":{\"@id\":\"https:\\\/\\\/ferte.ee\\\/#\\\/schema\\\/logo\\\/image\\\/\"}}]}<\/script>\n<!-- \/ Yoast SEO plugin. -->","yoast_head_json":{"title":"Hy\u00f6dyllist\u00e4 tietoa - Ferte Logistics O\u00dc","robots":{"index":"index","follow":"follow","max-snippet":"max-snippet:-1","max-image-preview":"max-image-preview:large","max-video-preview":"max-video-preview:-1"},"canonical":"https:\/\/ferte.ee\/fi\/hyodyllista-tietaa\/","og_locale":"fi_FI","og_type":"article","og_title":"Kasulik teada - Ferte Logistics O\u00dc","og_url":"https:\/\/ferte.ee\/fi\/hyodyllista-tietaa\/","og_site_name":"Kaubavedu \u00fcle Euroopa - FERTE Logistics","article_modified_time":"2026-02-11T12:31:23+00:00","og_image":[{"width":2000,"height":1034,"url":"https:\/\/ferte.ee\/wp-content\/uploads\/2022\/02\/bg3.jpg","type":"image\/jpeg"}],"twitter_card":"summary_large_image","twitter_misc":{"Arvioitu lukuaika":"4 minuuttia"},"schema":{"@context":"https:\/\/schema.org","@graph":[{"@type":"WebPage","@id":"https:\/\/ferte.ee\/kasulik-teada\/","url":"https:\/\/ferte.ee\/kasulik-teada\/","name":"Hy\u00f6dyllist\u00e4 tietoa - Ferte Logistics O\u00dc","isPartOf":{"@id":"https:\/\/ferte.ee\/#website"},"datePublished":"2022-02-08T10:18:57+00:00","dateModified":"2026-02-11T12:31:23+00:00","breadcrumb":{"@id":"https:\/\/ferte.ee\/kasulik-teada\/#breadcrumb"},"inLanguage":"fi","potentialAction":[{"@type":"ReadAction","target":["https:\/\/ferte.ee\/kasulik-teada\/"]}]},{"@type":"BreadcrumbList","@id":"https:\/\/ferte.ee\/kasulik-teada\/#breadcrumb","itemListElement":[{"@type":"ListItem","position":1,"name":"Home","item":"https:\/\/ferte.ee\/"},{"@type":"ListItem","position":2,"name":"Kasulik teada"}]},{"@type":"WebSite","@id":"https:\/\/ferte.ee\/#website","url":"https:\/\/ferte.ee\/","name":"Rahtikuljetukset kaikkialla Euroopassa - FERTE Logistics","description":"","publisher":{"@id":"https:\/\/ferte.ee\/#organization"},"potentialAction":[{"@type":"SearchAction","target":{"@type":"EntryPoint","urlTemplate":"https:\/\/ferte.ee\/?s={search_term_string}"},"query-input":{"@type":"PropertyValueSpecification","valueRequired":true,"valueName":"search_term_string"}}],"inLanguage":"fi"},{"@type":"Organization","@id":"https:\/\/ferte.ee\/#organization","name":"Ferte Logistics O\u00dc","url":"https:\/\/ferte.ee\/","logo":{"@type":"ImageObject","inLanguage":"fi","@id":"https:\/\/ferte.ee\/#\/schema\/logo\/image\/","url":"","contentUrl":"","caption":"Ferte Logistics O\u00dc"},"image":{"@id":"https:\/\/ferte.ee\/#\/schema\/logo\/image\/"}}]}},"_links":{"self":[{"href":"https:\/\/ferte.ee\/fi\/wp-json\/wp\/v2\/pages\/8480","targetHints":{"allow":["GET"]}}],"collection":[{"href":"https:\/\/ferte.ee\/fi\/wp-json\/wp\/v2\/pages"}],"about":[{"href":"https:\/\/ferte.ee\/fi\/wp-json\/wp\/v2\/types\/page"}],"author":[{"embeddable":true,"href":"https:\/\/ferte.ee\/fi\/wp-json\/wp\/v2\/users\/1"}],"replies":[{"embeddable":true,"href":"https:\/\/ferte.ee\/fi\/wp-json\/wp\/v2\/comments?post=8480"}],"version-history":[{"count":5,"href":"https:\/\/ferte.ee\/fi\/wp-json\/wp\/v2\/pages\/8480\/revisions"}],"predecessor-version":[{"id":9212,"href":"https:\/\/ferte.ee\/fi\/wp-json\/wp\/v2\/pages\/8480\/revisions\/9212"}],"wp:attachment":[{"href":"https:\/\/ferte.ee\/fi\/wp-json\/wp\/v2\/media?parent=8480"}],"curies":[{"name":"wp","href":"https:\/\/api.w.org\/{rel}","templated":true}]}}